{"id":80425,"date":"2021-01-02T16:14:46","date_gmt":"2021-01-02T15:14:46","guid":{"rendered":"https:\/\/www.cardel-global.com\/?page_id=80425"},"modified":"2024-01-12T16:50:42","modified_gmt":"2024-01-12T15:50:42","slug":"sport","status":"publish","type":"page","link":"https:\/\/www.cardel-group.com\/fr\/sport\/","title":{"rendered":"SPORTS MANAGEMENT"},"content":{"rendered":"<div class=\"wpb-content-wrapper\"><p>[vc_row][vc_column column_width_percent=\u00a0\u00bb80&Prime; align_horizontal=\u00a0\u00bbalign_center\u00a0\u00bb gutter_size=\u00a0\u00bb3&Prime; overlay_alpha=\u00a0\u00bb50&Prime; shift_x=\u00a0\u00bb0&Prime; shift_y=\u00a0\u00bb0&Prime; shift_y_down=\u00a0\u00bb0&Prime; z_index=\u00a0\u00bb0&Prime; medium_width=\u00a0\u00bb0&Prime; mobile_width=\u00a0\u00bb0&Prime; width=\u00a0\u00bb1\/1&Prime;][vc_custom_heading text_font=\u00a0\u00bbfont-762333&Prime; text_size=\u00a0\u00bbh4&Prime; text_weight=\u00a0\u00bb400&Prime; uncode_shortcode_id=\u00a0\u00bb823367&Prime;]<span style=\"font-weight: 400;\">Notre client\u00e8le est en grande majorit\u00e9 compos\u00e9e de sportifs de haut niveau. <\/span><b>Cardel Sports Management<\/b><span style=\"font-weight: 400;\">, \u00e0 travers une analyse pouss\u00e9e des besoins extra-sportifs et la mise en place d\u2019un <\/span><b>support personnalis\u00e9 24\/7<\/b><span style=\"font-weight: 400;\"> permet \u00e0 ses clients de se concentrer sur leur carri\u00e8re tout en impactant significativement leurs performances.<\/span>[\/vc_custom_heading][\/vc_column][\/vc_row][vc_row row_height_percent=\u00a0\u00bb0&Prime; override_padding=\u00a0\u00bbyes\u00a0\u00bb h_padding=\u00a0\u00bb0&Prime; top_padding=\u00a0\u00bb2&Prime; bottom_padding=\u00a0\u00bb0&Prime; back_image=\u00a0\u00bb104939&Prime; back_repeat=\u00a0\u00bbno-repeat\u00a0\u00bb overlay_alpha=\u00a0\u00bb50&Prime; gutter_size=\u00a0\u00bb3&Prime; column_width_percent=\u00a0\u00bb100&Prime; shift_y=\u00a0\u00bb0&Prime; z_index=\u00a0\u00bb0&Prime; back_size=\u00a0\u00bbcover\u00a0\u00bb uncode_shortcode_id=\u00a0\u00bb201684&Prime; shape_dividers=\u00a0\u00bb\u00a0\u00bb][vc_column width=\u00a0\u00bb1\/1&Prime;][vc_empty_space empty_h=\u00a0\u00bb4&Prime;][vc_row_inner row_inner_height_percent=\u00a0\u00bb0&Prime; overlay_alpha=\u00a0\u00bb50&Prime; gutter_size=\u00a0\u00bb3&Prime; shift_y=\u00a0\u00bb0&Prime; z_index=\u00a0\u00bb0&Prime;][vc_column_inner column_width_percent=\u00a0\u00bb85&Prime; gutter_size=\u00a0\u00bb3&Prime; override_padding=\u00a0\u00bbyes\u00a0\u00bb column_padding=\u00a0\u00bb2&Prime; back_color=\u00a0\u00bbcolor-xsdn\u00a0\u00bb overlay_alpha=\u00a0\u00bb50&Prime; shift_x=\u00a0\u00bb0&Prime; shift_y=\u00a0\u00bb3&Prime; shift_y_fixed=\u00a0\u00bbyes\u00a0\u00bb shift_y_down=\u00a0\u00bb0&Prime; z_index=\u00a0\u00bb0&Prime; medium_width=\u00a0\u00bb0&Prime; mobile_width=\u00a0\u00bb0&Prime; width=\u00a0\u00bb1\/1&Prime;][vc_custom_heading heading_semantic=\u00a0\u00bbp\u00a0\u00bb text_font=\u00a0\u00bbfont-762333&Prime; text_size=\u00a0\u00bb\u00a0\u00bb text_height=\u00a0\u00bbfontheight-524109&Prime; uncode_shortcode_id=\u00a0\u00bb181172&Prime;]<span style=\"font-weight: 400;\">Les athl\u00e8tes de haut niveau sont constamment confront\u00e9s \u00e0 la n\u00e9cessit\u00e9 de maximiser leur temps et \u00e9nergie.<\/span><\/p>\n<p><span style=\"font-weight: 400;\">Dans ce contexte, l\u2019externalisation des services \u00e9merge comme un outil strat\u00e9gique essentiel, permettant d&rsquo;assurer une gestion efficace de leur vie quotidienne, de leur carri\u00e8re et de leur image tout en leur offrant un avantage comp\u00e9titif ind\u00e9niable.<\/span>[\/vc_custom_heading][\/vc_column_inner][\/vc_row_inner][\/vc_column][\/vc_row][vc_row row_height_percent=\u00a0\u00bb0&Prime; overlay_alpha=\u00a0\u00bb50&Prime; equal_height=\u00a0\u00bbyes\u00a0\u00bb gutter_size=\u00a0\u00bb3&Prime; column_width_percent=\u00a0\u00bb100&Prime; shift_y=\u00a0\u00bb0&Prime; z_index=\u00a0\u00bb0&Prime;][vc_column column_width_percent=\u00a0\u00bb100&Prime; position_vertical=\u00a0\u00bbbottom\u00a0\u00bb align_horizontal=\u00a0\u00bbalign_center\u00a0\u00bb gutter_size=\u00a0\u00bb3&Prime; back_image=\u00a0\u00bb104797&Prime; overlay_alpha=\u00a0\u00bb50&Prime; shift_x=\u00a0\u00bb0&Prime; shift_y=\u00a0\u00bb0&Prime; shift_y_down=\u00a0\u00bb0&Prime; z_index=\u00a0\u00bb0&Prime; medium_width=\u00a0\u00bb0&Prime; mobile_width=\u00a0\u00bb0&Prime; width=\u00a0\u00bb1\/2&Prime; back_size=\u00a0\u00bbcover\u00a0\u00bb uncode_shortcode_id=\u00a0\u00bb159303&Prime;][vc_empty_space empty_h=\u00a0\u00bb2&Prime;][vc_custom_heading text_color=\u00a0\u00bbcolor-xsdn\u00a0\u00bb heading_semantic=\u00a0\u00bbh3&Prime; text_font=\u00a0\u00bbfont-202503&Prime; text_size=\u00a0\u00bbh1&Prime; text_weight=\u00a0\u00bb600&Prime; uncode_shortcode_id=\u00a0\u00bb149066&Prime; text_color_type=\u00a0\u00bbuncode-palette\u00a0\u00bb]DAY-TO-DAY<br \/>\nMANAGEMENT[\/vc_custom_heading][vc_empty_space empty_h=\u00a0\u00bb2&Prime;][vc_button button_color=\u00a0\u00bbcolor-xsdn\u00a0\u00bb radius=\u00a0\u00bbbtn-circle\u00a0\u00bb border_width=\u00a0\u00bb0&Prime; el_class=\u00a0\u00bbwhite-b\u00a0\u00bb link=\u00a0\u00bburl:https%3A%2F%2Fwww.cardel-group.com%2Ffr%2Fday-to-day-management%2F|title:ATHLETE%20MANAGEMENT\u00a0\u00bb button_color_type=\u00a0\u00bbuncode-palette\u00a0\u00bb uncode_shortcode_id=\u00a0\u00bb770273&Prime;]EN SAVOIR PLUS[\/vc_button][\/vc_column][vc_column column_width_percent=\u00a0\u00bb100&Prime; position_vertical=\u00a0\u00bbbottom\u00a0\u00bb align_horizontal=\u00a0\u00bbalign_center\u00a0\u00bb gutter_size=\u00a0\u00bb3&Prime; back_image=\u00a0\u00bb104762&Prime; overlay_alpha=\u00a0\u00bb50&Prime; shift_x=\u00a0\u00bb0&Prime; shift_y=\u00a0\u00bb0&Prime; shift_y_down=\u00a0\u00bb0&Prime; z_index=\u00a0\u00bb0&Prime; medium_width=\u00a0\u00bb0&Prime; mobile_width=\u00a0\u00bb0&Prime; width=\u00a0\u00bb1\/2&Prime; uncode_shortcode_id=\u00a0\u00bb362828&Prime;][vc_empty_space empty_h=\u00a0\u00bb2&Prime;][vc_custom_heading text_color=\u00a0\u00bbcolor-xsdn\u00a0\u00bb heading_semantic=\u00a0\u00bbh3&Prime; text_font=\u00a0\u00bbfont-202503&Prime; text_size=\u00a0\u00bbh1&Prime; text_weight=\u00a0\u00bb600&Prime; uncode_shortcode_id=\u00a0\u00bb347044&Prime; text_color_type=\u00a0\u00bbuncode-palette\u00a0\u00bb]N\u00c9GOCIATIONS<br \/>\nDE CONTRATS[\/vc_custom_heading][vc_empty_space empty_h=\u00a0\u00bb2&Prime;][vc_button button_color=\u00a0\u00bbcolor-xsdn\u00a0\u00bb radius=\u00a0\u00bbbtn-circle\u00a0\u00bb border_width=\u00a0\u00bb0&Prime; el_class=\u00a0\u00bbwhite-b\u00a0\u00bb link=\u00a0\u00bburl:https%3A%2F%2Fwww.cardel-group.com%2Ffr%2Fnegociations-contrats%2F|title:CLUB%20SERVICES\u00a0\u00bb button_color_type=\u00a0\u00bbuncode-palette\u00a0\u00bb uncode_shortcode_id=\u00a0\u00bb633067&Prime;]EN SAVOIR PLUS[\/vc_button][\/vc_column][\/vc_row]<\/p>\n<\/div>","protected":false},"excerpt":{"rendered":"<p>[vc_row][vc_column column_width_percent=\u00a0\u00bb80&Prime; align_horizontal=\u00a0\u00bbalign_center\u00a0\u00bb gutter_size=\u00a0\u00bb3&Prime; overlay_alpha=\u00a0\u00bb50&Prime; shift_x=\u00a0\u00bb0&Prime; shift_y=\u00a0\u00bb0&Prime; shift_y_down=\u00a0\u00bb0&Prime; z_index=\u00a0\u00bb0&Prime; medium_width=\u00a0\u00bb0&Prime; mobile_width=\u00a0\u00bb0&Prime; width=\u00a0\u00bb1\/1&Prime;][vc_custom_heading text_font=\u00a0\u00bbfont-762333&Prime; text_size=\u00a0\u00bbh4&Prime; text_weight=\u00a0\u00bb400&Prime; uncode_shortcode_id=\u00a0\u00bb823367&Prime;]Notre client\u00e8le est en grande [&hellip;]<\/p>\n","protected":false},"author":1,"featured_media":0,"parent":0,"menu_order":0,"comment_status":"closed","ping_status":"closed","template":"","meta":{"footnotes":""},"class_list":["post-80425","page","type-page","status-publish","hentry"],"yoast_head":"<!-- This site is optimized with the Yoast SEO plugin v24.5 - https:\/\/yoast.com\/wordpress\/plugins\/seo\/ -->\n<title>SPORTS MANAGEMENT - Cardel Group<\/title>\n<meta name=\"description\" content=\"De l&#039;organisation des voyages de clubs sportifs \u00e0 travers le monde \u00e0 la gestion quotidienne des installations, Cardel Sports capitalise sur l&#039;exp\u00e9rience de son partenaire nouvellement acquis, Nornes, b\u00e9n\u00e9ficiant d\u2019un \u00e9ventail de services d\u00e9di\u00e9 aux \u00e9quipes europ\u00e9ennes de Football de premier plan ainsi qu\u2019aux franchises de NBA.\" \/>\n<meta name=\"robots\" content=\"index, follow, max-snippet:-1, max-image-preview:large, max-video-preview:-1\" \/>\n<link rel=\"canonical\" href=\"https:\/\/www.cardel-group.com\/fr\/sport\/\" \/>\n<meta property=\"og:locale\" content=\"fr_FR\" \/>\n<meta property=\"og:type\" content=\"article\" \/>\n<meta property=\"og:title\" content=\"SPORTS MANAGEMENT - Cardel Group\" \/>\n<meta property=\"og:description\" content=\"De l&#039;organisation des voyages de clubs sportifs \u00e0 travers le monde \u00e0 la gestion quotidienne des installations, Cardel Sports capitalise sur l&#039;exp\u00e9rience de son partenaire nouvellement acquis, Nornes, b\u00e9n\u00e9ficiant d\u2019un \u00e9ventail de services d\u00e9di\u00e9 aux \u00e9quipes europ\u00e9ennes de Football de premier plan ainsi qu\u2019aux franchises de NBA.\" \/>\n<meta property=\"og:url\" content=\"https:\/\/www.cardel-group.com\/fr\/sport\/\" \/>\n<meta property=\"og:site_name\" content=\"Cardel Group\" \/>\n<meta property=\"article:modified_time\" content=\"2024-01-12T15:50:42+00:00\" \/>\n<meta name=\"twitter:card\" content=\"summary_large_image\" \/>\n<meta name=\"twitter:label1\" content=\"Dur\u00e9e de lecture estim\u00e9e\" \/>\n\t<meta name=\"twitter:data1\" content=\"2 minutes\" \/>\n<script type=\"application\/ld+json\" class=\"yoast-schema-graph\">{\"@context\":\"https:\/\/schema.org\",\"@graph\":[{\"@type\":\"WebPage\",\"@id\":\"https:\/\/www.cardel-group.com\/fr\/sport\/\",\"url\":\"https:\/\/www.cardel-group.com\/fr\/sport\/\",\"name\":\"SPORTS MANAGEMENT - Cardel Group\",\"isPartOf\":{\"@id\":\"https:\/\/www.cardel-group.com\/#website\"},\"datePublished\":\"2021-01-02T15:14:46+00:00\",\"dateModified\":\"2024-01-12T15:50:42+00:00\",\"description\":\"De l'organisation des voyages de clubs sportifs \u00e0 travers le monde \u00e0 la gestion quotidienne des installations, Cardel Sports capitalise sur l'exp\u00e9rience de son partenaire nouvellement acquis, Nornes, b\u00e9n\u00e9ficiant d\u2019un \u00e9ventail de services d\u00e9di\u00e9 aux \u00e9quipes europ\u00e9ennes de Football de premier plan ainsi qu\u2019aux franchises de NBA.\",\"breadcrumb\":{\"@id\":\"https:\/\/www.cardel-group.com\/fr\/sport\/#breadcrumb\"},\"inLanguage\":\"fr-FR\",\"potentialAction\":[{\"@type\":\"ReadAction\",\"target\":[\"https:\/\/www.cardel-group.com\/fr\/sport\/\"]}]},{\"@type\":\"BreadcrumbList\",\"@id\":\"https:\/\/www.cardel-group.com\/fr\/sport\/#breadcrumb\",\"itemListElement\":[{\"@type\":\"ListItem\",\"position\":1,\"name\":\"Accueil\",\"item\":\"https:\/\/www.cardel-group.com\/fr\/\"},{\"@type\":\"ListItem\",\"position\":2,\"name\":\"SPORTS MANAGEMENT\"}]},{\"@type\":\"WebSite\",\"@id\":\"https:\/\/www.cardel-group.com\/#website\",\"url\":\"https:\/\/www.cardel-group.com\/\",\"name\":\"Cardel Group\",\"description\":\"Global Management Services\",\"potentialAction\":[{\"@type\":\"SearchAction\",\"target\":{\"@type\":\"EntryPoint\",\"urlTemplate\":\"https:\/\/www.cardel-group.com\/?s={search_term_string}\"},\"query-input\":{\"@type\":\"PropertyValueSpecification\",\"valueRequired\":true,\"valueName\":\"search_term_string\"}}],\"inLanguage\":\"fr-FR\"}]}<\/script>\n<!-- \/ Yoast SEO plugin. -->","yoast_head_json":{"title":"SPORTS MANAGEMENT - Cardel Group","description":"De l'organisation des voyages de clubs sportifs \u00e0 travers le monde \u00e0 la gestion quotidienne des installations, Cardel Sports capitalise sur l'exp\u00e9rience de son partenaire nouvellement acquis, Nornes, b\u00e9n\u00e9ficiant d\u2019un \u00e9ventail de services d\u00e9di\u00e9 aux \u00e9quipes europ\u00e9ennes de Football de premier plan ainsi qu\u2019aux franchises de NBA.","robots":{"index":"index","follow":"follow","max-snippet":"max-snippet:-1","max-image-preview":"max-image-preview:large","max-video-preview":"max-video-preview:-1"},"canonical":"https:\/\/www.cardel-group.com\/fr\/sport\/","og_locale":"fr_FR","og_type":"article","og_title":"SPORTS MANAGEMENT - Cardel Group","og_description":"De l'organisation des voyages de clubs sportifs \u00e0 travers le monde \u00e0 la gestion quotidienne des installations, Cardel Sports capitalise sur l'exp\u00e9rience de son partenaire nouvellement acquis, Nornes, b\u00e9n\u00e9ficiant d\u2019un \u00e9ventail de services d\u00e9di\u00e9 aux \u00e9quipes europ\u00e9ennes de Football de premier plan ainsi qu\u2019aux franchises de NBA.","og_url":"https:\/\/www.cardel-group.com\/fr\/sport\/","og_site_name":"Cardel Group","article_modified_time":"2024-01-12T15:50:42+00:00","twitter_card":"summary_large_image","twitter_misc":{"Dur\u00e9e de lecture estim\u00e9e":"2 minutes"},"schema":{"@context":"https:\/\/schema.org","@graph":[{"@type":"WebPage","@id":"https:\/\/www.cardel-group.com\/fr\/sport\/","url":"https:\/\/www.cardel-group.com\/fr\/sport\/","name":"SPORTS MANAGEMENT - Cardel Group","isPartOf":{"@id":"https:\/\/www.cardel-group.com\/#website"},"datePublished":"2021-01-02T15:14:46+00:00","dateModified":"2024-01-12T15:50:42+00:00","description":"De l'organisation des voyages de clubs sportifs \u00e0 travers le monde \u00e0 la gestion quotidienne des installations, Cardel Sports capitalise sur l'exp\u00e9rience de son partenaire nouvellement acquis, Nornes, b\u00e9n\u00e9ficiant d\u2019un \u00e9ventail de services d\u00e9di\u00e9 aux \u00e9quipes europ\u00e9ennes de Football de premier plan ainsi qu\u2019aux franchises de NBA.","breadcrumb":{"@id":"https:\/\/www.cardel-group.com\/fr\/sport\/#breadcrumb"},"inLanguage":"fr-FR","potentialAction":[{"@type":"ReadAction","target":["https:\/\/www.cardel-group.com\/fr\/sport\/"]}]},{"@type":"BreadcrumbList","@id":"https:\/\/www.cardel-group.com\/fr\/sport\/#breadcrumb","itemListElement":[{"@type":"ListItem","position":1,"name":"Accueil","item":"https:\/\/www.cardel-group.com\/fr\/"},{"@type":"ListItem","position":2,"name":"SPORTS MANAGEMENT"}]},{"@type":"WebSite","@id":"https:\/\/www.cardel-group.com\/#website","url":"https:\/\/www.cardel-group.com\/","name":"Cardel Group","description":"Global Management Services","potentialAction":[{"@type":"SearchAction","target":{"@type":"EntryPoint","urlTemplate":"https:\/\/www.cardel-group.com\/?s={search_term_string}"},"query-input":{"@type":"PropertyValueSpecification","valueRequired":true,"valueName":"search_term_string"}}],"inLanguage":"fr-FR"}]}},"_links":{"self":[{"href":"https:\/\/www.cardel-group.com\/fr\/wp-json\/wp\/v2\/pages\/80425","targetHints":{"allow":["GET"]}}],"collection":[{"href":"https:\/\/www.cardel-group.com\/fr\/wp-json\/wp\/v2\/pages"}],"about":[{"href":"https:\/\/www.cardel-group.com\/fr\/wp-json\/wp\/v2\/types\/page"}],"author":[{"embeddable":true,"href":"https:\/\/www.cardel-group.com\/fr\/wp-json\/wp\/v2\/users\/1"}],"replies":[{"embeddable":true,"href":"https:\/\/www.cardel-group.com\/fr\/wp-json\/wp\/v2\/comments?post=80425"}],"version-history":[{"count":39,"href":"https:\/\/www.cardel-group.com\/fr\/wp-json\/wp\/v2\/pages\/80425\/revisions"}],"predecessor-version":[{"id":104941,"href":"https:\/\/www.cardel-group.com\/fr\/wp-json\/wp\/v2\/pages\/80425\/revisions\/104941"}],"wp:attachment":[{"href":"https:\/\/www.cardel-group.com\/fr\/wp-json\/wp\/v2\/media?parent=80425"}],"curies":[{"name":"wp","href":"https:\/\/api.w.org\/{rel}","templated":true}]}}