{"id":80410,"date":"2021-01-02T15:50:05","date_gmt":"2021-01-02T14:50:05","guid":{"rendered":"https:\/\/www.cardel-global.com\/?page_id=80410"},"modified":"2025-01-15T15:47:20","modified_gmt":"2025-01-15T14:47:20","slug":"publicity-events","status":"publish","type":"page","link":"https:\/\/www.cardel-group.com\/fr\/publicity-events\/","title":{"rendered":"PUBLICITY EVENTS"},"content":{"rendered":"<div class=\"wpb-content-wrapper\"><p>[vc_row row_height_percent=\u00a0\u00bb0&Prime; override_padding=\u00a0\u00bbyes\u00a0\u00bb h_padding=\u00a0\u00bb2&Prime; top_padding=\u00a0\u00bb3&Prime; bottom_padding=\u00a0\u00bb3&Prime; back_image=\u00a0\u00bb80633&Prime; overlay_alpha=\u00a0\u00bb50&Prime; gutter_size=\u00a0\u00bb3&Prime; column_width_percent=\u00a0\u00bb100&Prime; shift_y=\u00a0\u00bb0&Prime; z_index=\u00a0\u00bb0&Prime; back_size=\u00a0\u00bbcover\u00a0\u00bb][vc_column column_width_percent=\u00a0\u00bb100&Prime; align_horizontal=\u00a0\u00bbalign_center\u00a0\u00bb gutter_size=\u00a0\u00bb3&Prime; overlay_alpha=\u00a0\u00bb50&Prime; shift_x=\u00a0\u00bb0&Prime; shift_y=\u00a0\u00bb0&Prime; shift_y_down=\u00a0\u00bb0&Prime; z_index=\u00a0\u00bb0&Prime; medium_width=\u00a0\u00bb0&Prime; mobile_width=\u00a0\u00bb0&Prime; width=\u00a0\u00bb1\/1&Prime;][vc_row_inner][vc_column_inner width=\u00a0\u00bb1\/4&Prime;][\/vc_column_inner][vc_column_inner column_width_percent=\u00a0\u00bb100&Prime; align_horizontal=\u00a0\u00bbalign_center\u00a0\u00bb gutter_size=\u00a0\u00bb3&Prime; overlay_alpha=\u00a0\u00bb50&Prime; shift_x=\u00a0\u00bb0&Prime; shift_y=\u00a0\u00bb0&Prime; shift_y_down=\u00a0\u00bb0&Prime; z_index=\u00a0\u00bb0&Prime; medium_width=\u00a0\u00bb0&Prime; mobile_width=\u00a0\u00bb0&Prime; width=\u00a0\u00bb1\/2&Prime;][vc_single_image media=\u00a0\u00bb80543&Prime; media_width_use_pixel=\u00a0\u00bbyes\u00a0\u00bb alignment=\u00a0\u00bbcenter\u00a0\u00bb media_width_pixel=\u00a0\u00bb200&Prime;][\/vc_column_inner][vc_column_inner width=\u00a0\u00bb1\/4&Prime;][\/vc_column_inner][\/vc_row_inner][vc_custom_heading text_color=\u00a0\u00bbcolor-xsdn\u00a0\u00bb heading_semantic=\u00a0\u00bbh1&Prime; text_font=\u00a0\u00bbfont-202503&Prime; text_size=\u00a0\u00bbfontsize-155944&Prime; text_weight=\u00a0\u00bb600&Prime; text_space=\u00a0\u00bbfontspace-143757&Prime;]PUBLICITY EVENTS[\/vc_custom_heading][\/vc_column][\/vc_row][vc_row][vc_column width=\u00a0\u00bb1\/2&Prime;][vc_accordion el_class=\u00a0\u00bbblack_box\u00a0\u00bb][vc_accordion_tab title=\u00a0\u00bbORGANISATION G\u00c9N\u00c9RALE\u00a0\u00bb tab_id=\u00a0\u00bb1609582902-1-5&Prime;][vc_column_text]<span style=\"font-weight: 400;\">Notre \u00e9quipe g\u00e8re tous les d\u00e9tails de votre \u00e9v\u00e9nement presse, de la gestion des participants, de la r\u00e9servation des vols et des h\u00e9bergements, des plannings \u00e0 l&rsquo;organisation des \u00e9quipes, et de tous les outils qui permettent d&rsquo;\u00eatre inform\u00e9 en temps r\u00e9el sur le bon fonctionnement de votre projet.<\/span>[\/vc_column_text][\/vc_accordion_tab][vc_accordion_tab title=\u00a0\u00bbSERVICE CL\u00c9 EN MAIN SUR MESURE\u00a0\u00bb tab_id=\u00a0\u00bb1609582902-2-24&Prime;][vc_column_text]<span style=\"font-weight: 400;\">Un seul point de contact qui vous sera d\u00e9di\u00e9 et qui supervisera toute la coordination et la communication avec les diff\u00e9rents partenaires internes, externes et transverses.<\/span>[\/vc_column_text][\/vc_accordion_tab][vc_accordion_tab title=\u00a0\u00bbACTIVATIONS NUM\u00c9RIQUES\u00a0\u00bb tab_id=\u00a0\u00bb1609584222246-2-8&Prime;][vc_column_text]<span style=\"font-weight: 400;\">Nous sommes sp\u00e9cialis\u00e9s dans les activations innovantes, utilisant les nouvelles technologies et des id\u00e9es originales pour que votre \u00e9v\u00e9nement se d\u00e9marque de la concurrence et vous offre une meilleure visibilit\u00e9.<\/span>[\/vc_column_text][\/vc_accordion_tab][vc_accordion_tab title=\u00a0\u00bbEXPERTISE FORTE DANS LE CIN\u00c9MA\u00a0\u00bb tab_id=\u00a0\u00bb1609584244974-3-3&Prime;][vc_column_text]<span style=\"font-weight: 400;\">Nos experts ont plus de 15 ans d&rsquo;exp\u00e9rience dans la gestion d&rsquo;\u00e9v\u00e9nements presse partout dans le monde. Ils sont \u00e0 votre \u00e9coute, fort de propositions et conseils afin de vous proposer un projet sur-mesure.<\/span>[\/vc_column_text][\/vc_accordion_tab][vc_accordion_tab title=\u00a0\u00bbJUNKET\u00a0\u00bb tab_id=\u00a0\u00bb1609584256742-4-9&Prime;][vc_column_text]<span style=\"font-weight: 400;\">Notre \u00e9quipe s&rsquo;assure que chaque d\u00e9tail soit anticip\u00e9 et trait\u00e9 rapidement.\u00a0<\/span><\/p>\n<p><span style=\"font-weight: 400;\">Exemples de services: logistique production, lieux pour un junket, TV junket, \u00e9mission TV sp\u00e9ciale, interviews, conf\u00e9rence de presse, maquilleur et coiffeur, gestion de talents\u2026<\/span>[\/vc_column_text][\/vc_accordion_tab][vc_accordion_tab title=\u00a0\u00bbAVANT-PREMI\u00c8RES\u00a0\u00bb tab_id=\u00a0\u00bb1609584267110-5-5&Prime;][vc_column_text]<span style=\"font-weight: 400;\">Cardel Publicity coordonne les meilleurs partenaires et s\u2019assure de la bonne ex\u00e9cution et du suivi de votre avant-premi\u00e8re.\u00a0<\/span><\/p>\n<p><span style=\"font-weight: 400;\">Services propos\u00e9s: gestion des listes d&rsquo;invit\u00e9s, tapis rouge, photocall, interviews TV, photographe officiel, pr\u00e9sentateur sur sc\u00e8ne, zone d\u00e9di\u00e9e , h\u00f4tesses d&rsquo;accueil, vid\u00e9astes, s\u00e9curit\u00e9 anti-piratage, animation, soir\u00e9e apr\u00e8s projection&#8230;<\/span>[\/vc_column_text][\/vc_accordion_tab][vc_accordion_tab title=\u00a0\u00bbFESTIVALS \/ C\u00c9R\u00c9MONIES \/ CONVENTIONS\u00a0\u00bb tab_id=\u00a0\u00bb1609584280637-6-2&Prime;][vc_column_text]<span style=\"font-weight: 400;\">Nous anticipons et g\u00e9rons chaque d\u00e9tail de votre participation aux festivals \/ c\u00e9r\u00e9monies \/ conventions afin que vous n\u2019ayez \u00e0 vous soucier de rien.<\/span><\/p>\n<p><span style=\"font-weight: 400;\">Nos services incluent les r\u00e9unions protocoles, la demande des accr\u00e9ditations, des invitations pour les projections, des invitations pour \u00e9v\u00e9nements, des s\u00e9ances de d\u00e9dicace, d\u2019op\u00e9rations sp\u00e9ciales.<\/span>[\/vc_column_text][\/vc_accordion_tab][vc_accordion_tab title=\u00a0\u00bbACTIVATION DU MARKETING\u00a0\u00bb tab_id=\u00a0\u00bb1609599170330-7-3&Prime;][vc_column_text]<span style=\"font-weight: 400;\">Cardel Publicity vous propose de vous accompagner dans le lancement de vos produits, inaugurations tels que des pop-up stores et des immersions pour interagir avec votre public et positionner votre marque avec succ\u00e8s.<\/span>[\/vc_column_text][\/vc_accordion_tab][\/vc_accordion][\/vc_column][vc_column width=\u00a0\u00bb1\/2&Prime;][vc_single_image media=\u00a0\u00bb80636&Prime; media_width_percent=\u00a0\u00bb100&Prime;][vc_single_image media=\u00a0\u00bb80637&Prime; media_width_percent=\u00a0\u00bb100&Prime;][\/vc_column][\/vc_row][vc_row][vc_column width=\u00a0\u00bb1\/1&Prime;][vc_row_inner][vc_column_inner width=\u00a0\u00bb1\/4&Prime;][\/vc_column_inner][vc_column_inner column_width_percent=\u00a0\u00bb100&Prime; align_horizontal=\u00a0\u00bbalign_center\u00a0\u00bb gutter_size=\u00a0\u00bb3&Prime; overlay_alpha=\u00a0\u00bb50&Prime; shift_x=\u00a0\u00bb0&Prime; shift_y=\u00a0\u00bb0&Prime; shift_y_down=\u00a0\u00bb0&Prime; z_index=\u00a0\u00bb0&Prime; medium_width=\u00a0\u00bb0&Prime; mobile_width=\u00a0\u00bb0&Prime; width=\u00a0\u00bb1\/2&Prime;][\/vc_column_inner][vc_column_inner width=\u00a0\u00bb1\/4&Prime;][\/vc_column_inner][\/vc_row_inner][\/vc_column][\/vc_row][vc_row row_height_percent=\u00a0\u00bb0&Prime; back_image=\u00a0\u00bb80399&Prime; back_repeat=\u00a0\u00bbno-repeat\u00a0\u00bb overlay_alpha=\u00a0\u00bb50&Prime; equal_height=\u00a0\u00bbyes\u00a0\u00bb gutter_size=\u00a0\u00bb3&Prime; column_width_percent=\u00a0\u00bb100&Prime; shift_y=\u00a0\u00bb0&Prime; z_index=\u00a0\u00bb0&Prime; back_size=\u00a0\u00bbcover\u00a0\u00bb][vc_column column_width_percent=\u00a0\u00bb100&Prime; position_vertical=\u00a0\u00bbmiddle\u00a0\u00bb align_horizontal=\u00a0\u00bbalign_right\u00a0\u00bb gutter_size=\u00a0\u00bb3&Prime; overlay_alpha=\u00a0\u00bb50&Prime; shift_x=\u00a0\u00bb0&Prime; shift_y=\u00a0\u00bb0&Prime; shift_y_down=\u00a0\u00bb0&Prime; z_index=\u00a0\u00bb0&Prime; medium_width=\u00a0\u00bb0&Prime; mobile_width=\u00a0\u00bb0&Prime; width=\u00a0\u00bb1\/2&Prime;][vc_empty_space empty_h=\u00a0\u00bb2&Prime;][vc_single_image media=\u00a0\u00bb80336&Prime; media_width_use_pixel=\u00a0\u00bbyes\u00a0\u00bb alignment=\u00a0\u00bbright\u00a0\u00bb media_width_pixel=\u00a0\u00bb100&Prime;][vc_custom_heading text_color=\u00a0\u00bbcolor-xsdn\u00a0\u00bb text_font=\u00a0\u00bbfont-202503&Prime; text_size=\u00a0\u00bbfontsize-155944&Prime; text_weight=\u00a0\u00bb600&Prime; text_transform=\u00a0\u00bbuppercase\u00a0\u00bb][\/vc_custom_heading][\/vc_column][vc_column column_width_percent=\u00a0\u00bb100&Prime; position_vertical=\u00a0\u00bbmiddle\u00a0\u00bb gutter_size=\u00a0\u00bb3&Prime; overlay_alpha=\u00a0\u00bb50&Prime; border_color=\u00a0\u00bbcolor-xsdn\u00a0\u00bb border_style=\u00a0\u00bbsolid\u00a0\u00bb shift_x=\u00a0\u00bb0&Prime; shift_y=\u00a0\u00bb0&Prime; shift_y_down=\u00a0\u00bb0&Prime; z_index=\u00a0\u00bb0&Prime; medium_width=\u00a0\u00bb0&Prime; mobile_width=\u00a0\u00bb0&Prime; width=\u00a0\u00bb1\/2&Prime; css=\u00a0\u00bb.vc_custom_1609598980227{border-left-width: 1px !important;padding-left: 10px !important;}\u00a0\u00bb][vc_custom_heading text_color=\u00a0\u00bbcolor-xsdn\u00a0\u00bb heading_semantic=\u00a0\u00bbh3&Prime; text_font=\u00a0\u00bbfont-762333&Prime; text_height=\u00a0\u00bbfontheight-357766&Prime;]Couverture m\u00e9diatique maximis\u00e9e<br \/>\nLogistique mondiale<br \/>\nExp\u00e9rience cl\u00e9 en main<br \/>\nChef de projet d\u00e9di\u00e9<br \/>\nInnovant et engageant<br \/>\nOptimisation des co\u00fbts[\/vc_custom_heading][\/vc_column][\/vc_row][vc_row][vc_column column_width_percent=\u00a0\u00bb100&Prime; align_horizontal=\u00a0\u00bbalign_center\u00a0\u00bb gutter_size=\u00a0\u00bb3&Prime; overlay_alpha=\u00a0\u00bb50&Prime; shift_x=\u00a0\u00bb0&Prime; shift_y=\u00a0\u00bb0&Prime; shift_y_down=\u00a0\u00bb0&Prime; z_index=\u00a0\u00bb0&Prime; medium_width=\u00a0\u00bb0&Prime; mobile_width=\u00a0\u00bb0&Prime; width=\u00a0\u00bb1\/1&Prime;][vc_custom_heading text_font=\u00a0\u00bbfont-202503&Prime; text_weight=\u00a0\u00bb600&Prime;]CONTACTEZ-NOUS[\/vc_custom_heading][\/vc_column][\/vc_row][vc_row][vc_column width=\u00a0\u00bb1\/4&Prime;][\/vc_column][vc_column column_width_percent=\u00a0\u00bb100&Prime; align_horizontal=\u00a0\u00bbalign_center\u00a0\u00bb gutter_size=\u00a0\u00bb3&Prime; overlay_alpha=\u00a0\u00bb50&Prime; shift_x=\u00a0\u00bb0&Prime; shift_y=\u00a0\u00bb0&Prime; shift_y_down=\u00a0\u00bb0&Prime; z_index=\u00a0\u00bb0&Prime; medium_width=\u00a0\u00bb0&Prime; mobile_width=\u00a0\u00bb0&Prime; width=\u00a0\u00bb1\/2&Prime;]\n<div class=\"wpcf7 no-js\" id=\"wpcf7-f104913-o1\" lang=\"en-US\" dir=\"ltr\" data-wpcf7-id=\"104913\">\n<div class=\"screen-reader-response\"><p role=\"status\" aria-live=\"polite\" aria-atomic=\"true\"><\/p> <ul><\/ul><\/div>\n<form action=\"\/fr\/wp-json\/wp\/v2\/pages\/80410#wpcf7-f104913-o1\" method=\"post\" class=\"wpcf7-form init\" aria-label=\"Contact form\" novalidate=\"novalidate\" data-status=\"init\">\n<div style=\"display: none;\">\n<input type=\"hidden\" name=\"_wpcf7\" value=\"104913\" \/>\n<input type=\"hidden\" name=\"_wpcf7_version\" value=\"6.0.4\" \/>\n<input type=\"hidden\" name=\"_wpcf7_locale\" value=\"en_US\" \/>\n<input type=\"hidden\" name=\"_wpcf7_unit_tag\" value=\"wpcf7-f104913-o1\" \/>\n<input type=\"hidden\" name=\"_wpcf7_container_post\" value=\"0\" \/>\n<input type=\"hidden\" name=\"_wpcf7_posted_data_hash\" value=\"\" \/>\n<input type=\"hidden\" name=\"_wpcf7_recaptcha_response\" value=\"\" \/>\n<\/div>\n<p>Name (required)\n<\/p>\n<p><span class=\"wpcf7-form-control-wrap\" data-name=\"your-firstname\"><input size=\"40\" maxlength=\"400\" class=\"wpcf7-form-control wpcf7-text wpcf7-validates-as-required form-fluid\" aria-required=\"true\" aria-invalid=\"false\" value=\"\" type=\"text\" name=\"your-firstname\" \/><\/span>\n<\/p>\n<p>Email (required)\n<\/p>\n<p><span class=\"wpcf7-form-control-wrap\" data-name=\"your-email\"><input size=\"40\" maxlength=\"400\" class=\"wpcf7-form-control wpcf7-email wpcf7-validates-as-required wpcf7-text wpcf7-validates-as-email form-fluid\" aria-required=\"true\" aria-invalid=\"false\" value=\"\" type=\"email\" name=\"your-email\" \/><\/span>\n<\/p>\n<p>Message\n<\/p>\n<p><span class=\"wpcf7-form-control-wrap\" data-name=\"your-message\"><textarea cols=\"40\" rows=\"8\" maxlength=\"2000\" class=\"wpcf7-form-control wpcf7-textarea\" aria-invalid=\"false\" name=\"your-message\"><\/textarea><\/span>\n<\/p>\n<p><input class=\"wpcf7-form-control wpcf7-submit has-spinner btn btn-accent\" type=\"submit\" value=\"Click the button\" \/>\n<\/p><div class=\"wpcf7-response-output\" aria-hidden=\"true\"><\/div>\n<\/form>\n<\/div>\n[\/vc_column][vc_column width=\u00a0\u00bb1\/4&Prime;][\/vc_column][\/vc_row]<\/p>\n<\/div>","protected":false},"excerpt":{"rendered":"<p>[vc_row row_height_percent=\u00a0\u00bb0&Prime; override_padding=\u00a0\u00bbyes\u00a0\u00bb h_padding=\u00a0\u00bb2&Prime; top_padding=\u00a0\u00bb3&Prime; bottom_padding=\u00a0\u00bb3&Prime; back_image=\u00a0\u00bb80633&Prime; overlay_alpha=\u00a0\u00bb50&Prime; gutter_size=\u00a0\u00bb3&Prime; column_width_percent=\u00a0\u00bb100&Prime; shift_y=\u00a0\u00bb0&Prime; z_index=\u00a0\u00bb0&Prime; back_size=\u00a0\u00bbcover\u00a0\u00bb][vc_column column_width_percent=\u00a0\u00bb100&Prime; align_horizontal=\u00a0\u00bbalign_center\u00a0\u00bb gutter_size=\u00a0\u00bb3&Prime; overlay_alpha=\u00a0\u00bb50&Prime; shift_x=\u00a0\u00bb0&Prime; shift_y=\u00a0\u00bb0&Prime; shift_y_down=\u00a0\u00bb0&Prime; [&hellip;]<\/p>\n","protected":false},"author":1,"featured_media":0,"parent":0,"menu_order":0,"comment_status":"closed","ping_status":"closed","template":"","meta":{"footnotes":""},"class_list":["post-80410","page","type-page","status-publish","hentry"],"yoast_head":"<!-- This site is optimized with the Yoast SEO plugin v24.5 - https:\/\/yoast.com\/wordpress\/plugins\/seo\/ -->\n<title>PUBLICITY EVENTS - Cardel Group<\/title>\n<meta name=\"robots\" content=\"index, follow, max-snippet:-1, max-image-preview:large, max-video-preview:-1\" \/>\n<link rel=\"canonical\" href=\"https:\/\/www.cardel-group.com\/fr\/publicity-events\/\" \/>\n<meta property=\"og:locale\" content=\"fr_FR\" \/>\n<meta property=\"og:type\" content=\"article\" \/>\n<meta property=\"og:title\" content=\"PUBLICITY EVENTS - Cardel Group\" \/>\n<meta property=\"og:description\" content=\"[vc_row row_height_percent=\u00a0\u00bb0&Prime; override_padding=\u00a0\u00bbyes\u00a0\u00bb h_padding=\u00a0\u00bb2&Prime; top_padding=\u00a0\u00bb3&Prime; bottom_padding=\u00a0\u00bb3&Prime; back_image=\u00a0\u00bb80633&Prime; overlay_alpha=\u00a0\u00bb50&Prime; gutter_size=\u00a0\u00bb3&Prime; column_width_percent=\u00a0\u00bb100&Prime; shift_y=\u00a0\u00bb0&Prime; z_index=\u00a0\u00bb0&Prime; back_size=\u00a0\u00bbcover\u00a0\u00bb][vc_column column_width_percent=\u00a0\u00bb100&Prime; align_horizontal=\u00a0\u00bbalign_center\u00a0\u00bb gutter_size=\u00a0\u00bb3&Prime; overlay_alpha=\u00a0\u00bb50&Prime; shift_x=\u00a0\u00bb0&Prime; shift_y=\u00a0\u00bb0&Prime; shift_y_down=\u00a0\u00bb0&Prime; [&hellip;]\" \/>\n<meta property=\"og:url\" content=\"https:\/\/www.cardel-group.com\/fr\/publicity-events\/\" \/>\n<meta property=\"og:site_name\" content=\"Cardel Group\" \/>\n<meta property=\"article:modified_time\" content=\"2025-01-15T14:47:20+00:00\" \/>\n<meta name=\"twitter:card\" content=\"summary_large_image\" \/>\n<meta name=\"twitter:label1\" content=\"Dur\u00e9e de lecture estim\u00e9e\" \/>\n\t<meta name=\"twitter:data1\" content=\"3 minutes\" \/>\n<script type=\"application\/ld+json\" class=\"yoast-schema-graph\">{\"@context\":\"https:\/\/schema.org\",\"@graph\":[{\"@type\":\"WebPage\",\"@id\":\"https:\/\/www.cardel-group.com\/fr\/publicity-events\/\",\"url\":\"https:\/\/www.cardel-group.com\/fr\/publicity-events\/\",\"name\":\"PUBLICITY EVENTS - Cardel Group\",\"isPartOf\":{\"@id\":\"https:\/\/www.cardel-group.com\/#website\"},\"datePublished\":\"2021-01-02T14:50:05+00:00\",\"dateModified\":\"2025-01-15T14:47:20+00:00\",\"breadcrumb\":{\"@id\":\"https:\/\/www.cardel-group.com\/fr\/publicity-events\/#breadcrumb\"},\"inLanguage\":\"fr-FR\",\"potentialAction\":[{\"@type\":\"ReadAction\",\"target\":[\"https:\/\/www.cardel-group.com\/fr\/publicity-events\/\"]}]},{\"@type\":\"BreadcrumbList\",\"@id\":\"https:\/\/www.cardel-group.com\/fr\/publicity-events\/#breadcrumb\",\"itemListElement\":[{\"@type\":\"ListItem\",\"position\":1,\"name\":\"Accueil\",\"item\":\"https:\/\/www.cardel-group.com\/fr\/\"},{\"@type\":\"ListItem\",\"position\":2,\"name\":\"PUBLICITY EVENTS\"}]},{\"@type\":\"WebSite\",\"@id\":\"https:\/\/www.cardel-group.com\/#website\",\"url\":\"https:\/\/www.cardel-group.com\/\",\"name\":\"Cardel Group\",\"description\":\"Global Management Services\",\"potentialAction\":[{\"@type\":\"SearchAction\",\"target\":{\"@type\":\"EntryPoint\",\"urlTemplate\":\"https:\/\/www.cardel-group.com\/?s={search_term_string}\"},\"query-input\":{\"@type\":\"PropertyValueSpecification\",\"valueRequired\":true,\"valueName\":\"search_term_string\"}}],\"inLanguage\":\"fr-FR\"}]}<\/script>\n<!-- \/ Yoast SEO plugin. -->","yoast_head_json":{"title":"PUBLICITY EVENTS - Cardel Group","robots":{"index":"index","follow":"follow","max-snippet":"max-snippet:-1","max-image-preview":"max-image-preview:large","max-video-preview":"max-video-preview:-1"},"canonical":"https:\/\/www.cardel-group.com\/fr\/publicity-events\/","og_locale":"fr_FR","og_type":"article","og_title":"PUBLICITY EVENTS - Cardel Group","og_description":"[vc_row row_height_percent=\u00a0\u00bb0&Prime; override_padding=\u00a0\u00bbyes\u00a0\u00bb h_padding=\u00a0\u00bb2&Prime; top_padding=\u00a0\u00bb3&Prime; bottom_padding=\u00a0\u00bb3&Prime; back_image=\u00a0\u00bb80633&Prime; overlay_alpha=\u00a0\u00bb50&Prime; gutter_size=\u00a0\u00bb3&Prime; column_width_percent=\u00a0\u00bb100&Prime; shift_y=\u00a0\u00bb0&Prime; z_index=\u00a0\u00bb0&Prime; back_size=\u00a0\u00bbcover\u00a0\u00bb][vc_column column_width_percent=\u00a0\u00bb100&Prime; align_horizontal=\u00a0\u00bbalign_center\u00a0\u00bb gutter_size=\u00a0\u00bb3&Prime; overlay_alpha=\u00a0\u00bb50&Prime; shift_x=\u00a0\u00bb0&Prime; shift_y=\u00a0\u00bb0&Prime; shift_y_down=\u00a0\u00bb0&Prime; [&hellip;]","og_url":"https:\/\/www.cardel-group.com\/fr\/publicity-events\/","og_site_name":"Cardel Group","article_modified_time":"2025-01-15T14:47:20+00:00","twitter_card":"summary_large_image","twitter_misc":{"Dur\u00e9e de lecture estim\u00e9e":"3 minutes"},"schema":{"@context":"https:\/\/schema.org","@graph":[{"@type":"WebPage","@id":"https:\/\/www.cardel-group.com\/fr\/publicity-events\/","url":"https:\/\/www.cardel-group.com\/fr\/publicity-events\/","name":"PUBLICITY EVENTS - Cardel Group","isPartOf":{"@id":"https:\/\/www.cardel-group.com\/#website"},"datePublished":"2021-01-02T14:50:05+00:00","dateModified":"2025-01-15T14:47:20+00:00","breadcrumb":{"@id":"https:\/\/www.cardel-group.com\/fr\/publicity-events\/#breadcrumb"},"inLanguage":"fr-FR","potentialAction":[{"@type":"ReadAction","target":["https:\/\/www.cardel-group.com\/fr\/publicity-events\/"]}]},{"@type":"BreadcrumbList","@id":"https:\/\/www.cardel-group.com\/fr\/publicity-events\/#breadcrumb","itemListElement":[{"@type":"ListItem","position":1,"name":"Accueil","item":"https:\/\/www.cardel-group.com\/fr\/"},{"@type":"ListItem","position":2,"name":"PUBLICITY EVENTS"}]},{"@type":"WebSite","@id":"https:\/\/www.cardel-group.com\/#website","url":"https:\/\/www.cardel-group.com\/","name":"Cardel Group","description":"Global Management Services","potentialAction":[{"@type":"SearchAction","target":{"@type":"EntryPoint","urlTemplate":"https:\/\/www.cardel-group.com\/?s={search_term_string}"},"query-input":{"@type":"PropertyValueSpecification","valueRequired":true,"valueName":"search_term_string"}}],"inLanguage":"fr-FR"}]}},"_links":{"self":[{"href":"https:\/\/www.cardel-group.com\/fr\/wp-json\/wp\/v2\/pages\/80410","targetHints":{"allow":["GET"]}}],"collection":[{"href":"https:\/\/www.cardel-group.com\/fr\/wp-json\/wp\/v2\/pages"}],"about":[{"href":"https:\/\/www.cardel-group.com\/fr\/wp-json\/wp\/v2\/types\/page"}],"author":[{"embeddable":true,"href":"https:\/\/www.cardel-group.com\/fr\/wp-json\/wp\/v2\/users\/1"}],"replies":[{"embeddable":true,"href":"https:\/\/www.cardel-group.com\/fr\/wp-json\/wp\/v2\/comments?post=80410"}],"version-history":[{"count":24,"href":"https:\/\/www.cardel-group.com\/fr\/wp-json\/wp\/v2\/pages\/80410\/revisions"}],"predecessor-version":[{"id":105082,"href":"https:\/\/www.cardel-group.com\/fr\/wp-json\/wp\/v2\/pages\/80410\/revisions\/105082"}],"wp:attachment":[{"href":"https:\/\/www.cardel-group.com\/fr\/wp-json\/wp\/v2\/media?parent=80410"}],"curies":[{"name":"wp","href":"https:\/\/api.w.org\/{rel}","templated":true}]}}