{"id":80116,"date":"2020-01-03T11:06:58","date_gmt":"2020-01-03T10:06:58","guid":{"rendered":"https:\/\/www.cardel-global.com\/?page_id=80116"},"modified":"2020-01-06T12:24:40","modified_gmt":"2020-01-06T11:24:40","slug":"wanderlust-agency","status":"publish","type":"page","link":"https:\/\/www.cardel-group.com\/fr\/wanderlust-agency\/","title":{"rendered":"Wanderlust Agency"},"content":{"rendered":"<div class=\"wpb-content-wrapper\"><p>[vc_row][vc_column column_width_percent=\u00a0\u00bb100&Prime; align_horizontal=\u00a0\u00bbalign_center\u00a0\u00bb overlay_alpha=\u00a0\u00bb50&Prime; gutter_size=\u00a0\u00bb2&Prime; medium_width=\u00a0\u00bb0&Prime; mobile_width=\u00a0\u00bb0&Prime; shift_x=\u00a0\u00bb0&Prime; shift_y=\u00a0\u00bb0&Prime; shift_y_down=\u00a0\u00bb0&Prime; z_index=\u00a0\u00bb0&Prime; width=\u00a0\u00bb1\/1&Prime;][vc_single_image media=\u00a0\u00bb79907&Prime; media_width_use_pixel=\u00a0\u00bbyes\u00a0\u00bb alignment=\u00a0\u00bbcenter\u00a0\u00bb media_width_pixel=\u00a0\u00bb180&Prime;][vc_empty_space empty_h=\u00a0\u00bb2&Prime;][vc_button size=\u00a0\u00bbbtn-lg\u00a0\u00bb radius=\u00a0\u00bbbtn-square\u00a0\u00bb border_width=\u00a0\u00bb0&Prime; display=\u00a0\u00bbinline\u00a0\u00bb link=\u00a0\u00bburl:https%3A%2F%2Fwww.wanderlust-agency.com%2Ffr%2F||target:%20_blank|\u00a0\u00bb]Voir le site[\/vc_button][\/vc_column][\/vc_row][vc_row row_height_percent=\u00a0\u00bb0&Prime; override_padding=\u00a0\u00bbyes\u00a0\u00bb h_padding=\u00a0\u00bb2&Prime; top_padding=\u00a0\u00bb3&Prime; bottom_padding=\u00a0\u00bb3&Prime; back_color=\u00a0\u00bbcolor-wayh\u00a0\u00bb back_image=\u00a0\u00bb80120&Prime; overlay_color=\u00a0\u00bbcolor-wayh\u00a0\u00bb overlay_alpha=\u00a0\u00bb60&Prime; gutter_size=\u00a0\u00bb3&Prime; column_width_percent=\u00a0\u00bb100&Prime; shift_y=\u00a0\u00bb0&Prime; z_index=\u00a0\u00bb0&Prime;][vc_column column_width_percent=\u00a0\u00bb80&Prime; position_vertical=\u00a0\u00bbmiddle\u00a0\u00bb align_horizontal=\u00a0\u00bbalign_center\u00a0\u00bb style=\u00a0\u00bbdark\u00a0\u00bb overlay_alpha=\u00a0\u00bb50&Prime; gutter_size=\u00a0\u00bb3&Prime; medium_width=\u00a0\u00bb0&Prime; mobile_width=\u00a0\u00bb0&Prime; shift_x=\u00a0\u00bb0&Prime; shift_y=\u00a0\u00bb0&Prime; shift_y_down=\u00a0\u00bb0&Prime; z_index=\u00a0\u00bb0&Prime; width=\u00a0\u00bb1\/1&Prime;][vc_custom_heading text_font=\u00a0\u00bbfont-202503&Prime; text_transform=\u00a0\u00bbuppercase\u00a0\u00bb]Qui sommes-nous[\/vc_custom_heading][vc_column_text]Initialement lanc\u00e9e en 2015 pour r\u00e9pondre aux besoins d\u2019accompagnement en expatriation de ses clients, Wanderlust Agency se sp\u00e9cialise en Business Management avec un savoir-faire unique en conciergerie personnalis\u00e9e.<\/p>\n<p>Soutenue par la Banque Publique d\u2019Investissement, l\u2019agence est issue du groupe Cardel, leader en transport priv\u00e9 \u00e0 l\u2019international, qui b\u00e9n\u00e9ficie de 20 ans d\u2019exp\u00e9rience aupr\u00e8s des plus grands groupes et institutions financi\u00e8res dans le domaine du voyage d\u2019affaires et de la conciergerie \u00e0 l\u2019international.<\/p>\n<p>Les membres de l\u2019\u00e9quipe Wanderlust Agency sont issus du milieu de la finance, du luxe et de l\u2019entertainment. Tous sont s\u00e9lectionn\u00e9s pour leurs comp\u00e9tences et capacit\u00e9s d\u2019adaptation,<br \/>\navec pour seule mission : r\u00e9pondre en un temps record aux besoins d\u2019une client\u00e8le<br \/>\nen constante \u00e9volution.<\/p>\n<p>Avec des bureaux \u00e0 Paris et Los Angeles, Wanderlust Agency est aujourd\u2019hui la r\u00e9f\u00e9rence n\u00b01 des entrepreneurs, artistes et sportifs dans le domaine du Business Management et de la Conciergerie.[\/vc_column_text][vc_empty_space empty_h=\u00a0\u00bb2&Prime;][vc_button size=\u00a0\u00bbbtn-lg\u00a0\u00bb radius=\u00a0\u00bbbtn-square\u00a0\u00bb border_width=\u00a0\u00bb0&Prime; display=\u00a0\u00bbinline\u00a0\u00bb link=\u00a0\u00bburl:https%3A%2F%2Fwww.wanderlust-agency.com%2Ffr%2Fbusiness-management%2F||target:%20_blank|\u00a0\u00bb]Business Management[\/vc_button][vc_button size=\u00a0\u00bbbtn-lg\u00a0\u00bb radius=\u00a0\u00bbbtn-square\u00a0\u00bb border_width=\u00a0\u00bb0&Prime; display=\u00a0\u00bbinline\u00a0\u00bb top_margin=\u00a0\u00bbyes\u00a0\u00bb link=\u00a0\u00bburl:https%3A%2F%2Fwww.wanderlust-agency.com%2Ffr%2Fconciergerie%2F||target:%20_blank|\u00a0\u00bb]CONCIERGE SERVICES[\/vc_button][\/vc_column][\/vc_row]<\/p>\n<\/div>","protected":false},"excerpt":{"rendered":"<p>[vc_row][vc_column column_width_percent=\u00a0\u00bb100&Prime; align_horizontal=\u00a0\u00bbalign_center\u00a0\u00bb overlay_alpha=\u00a0\u00bb50&Prime; gutter_size=\u00a0\u00bb2&Prime; medium_width=\u00a0\u00bb0&Prime; mobile_width=\u00a0\u00bb0&Prime; shift_x=\u00a0\u00bb0&Prime; shift_y=\u00a0\u00bb0&Prime; shift_y_down=\u00a0\u00bb0&Prime; z_index=\u00a0\u00bb0&Prime; width=\u00a0\u00bb1\/1&Prime;][vc_single_image media=\u00a0\u00bb79907&Prime; media_width_use_pixel=\u00a0\u00bbyes\u00a0\u00bb alignment=\u00a0\u00bbcenter\u00a0\u00bb media_width_pixel=\u00a0\u00bb180&Prime;][vc_empty_space empty_h=\u00a0\u00bb2&Prime;][vc_button size=\u00a0\u00bbbtn-lg\u00a0\u00bb radius=\u00a0\u00bbbtn-square\u00a0\u00bb border_width=\u00a0\u00bb0&Prime; [&hellip;]<\/p>\n","protected":false},"author":1,"featured_media":79906,"parent":0,"menu_order":0,"comment_status":"closed","ping_status":"closed","template":"","meta":{"footnotes":""},"class_list":["post-80116","page","type-page","status-publish","has-post-thumbnail","hentry"],"yoast_head":"<!-- This site is optimized with the Yoast SEO plugin v24.5 - https:\/\/yoast.com\/wordpress\/plugins\/seo\/ -->\n<title>Wanderlust Agency - Cardel Group<\/title>\n<meta name=\"robots\" content=\"index, follow, max-snippet:-1, max-image-preview:large, max-video-preview:-1\" \/>\n<link rel=\"canonical\" href=\"https:\/\/www.cardel-group.com\/fr\/wanderlust-agency\/\" \/>\n<meta property=\"og:locale\" content=\"fr_FR\" \/>\n<meta property=\"og:type\" content=\"article\" \/>\n<meta property=\"og:title\" content=\"Wanderlust Agency - Cardel Group\" \/>\n<meta property=\"og:description\" content=\"[vc_row][vc_column column_width_percent=\u00a0\u00bb100&Prime; align_horizontal=\u00a0\u00bbalign_center\u00a0\u00bb overlay_alpha=\u00a0\u00bb50&Prime; gutter_size=\u00a0\u00bb2&Prime; medium_width=\u00a0\u00bb0&Prime; mobile_width=\u00a0\u00bb0&Prime; shift_x=\u00a0\u00bb0&Prime; shift_y=\u00a0\u00bb0&Prime; shift_y_down=\u00a0\u00bb0&Prime; z_index=\u00a0\u00bb0&Prime; width=\u00a0\u00bb1\/1&Prime;][vc_single_image media=\u00a0\u00bb79907&Prime; media_width_use_pixel=\u00a0\u00bbyes\u00a0\u00bb alignment=\u00a0\u00bbcenter\u00a0\u00bb media_width_pixel=\u00a0\u00bb180&Prime;][vc_empty_space empty_h=\u00a0\u00bb2&Prime;][vc_button size=\u00a0\u00bbbtn-lg\u00a0\u00bb radius=\u00a0\u00bbbtn-square\u00a0\u00bb border_width=\u00a0\u00bb0&Prime; [&hellip;]\" \/>\n<meta property=\"og:url\" content=\"https:\/\/www.cardel-group.com\/fr\/wanderlust-agency\/\" \/>\n<meta property=\"og:site_name\" content=\"Cardel Group\" \/>\n<meta property=\"article:modified_time\" content=\"2020-01-06T11:24:40+00:00\" \/>\n<meta property=\"og:image\" content=\"https:\/\/www.cardel-global.com\/wp-content\/uploads\/2019\/09\/wanderlust_header.jpg\" \/>\n\t<meta property=\"og:image:width\" content=\"1440\" \/>\n\t<meta property=\"og:image:height\" content=\"400\" \/>\n\t<meta property=\"og:image:type\" content=\"image\/jpeg\" \/>\n<meta name=\"twitter:card\" content=\"summary_large_image\" \/>\n<meta name=\"twitter:label1\" content=\"Dur\u00e9e de lecture estim\u00e9e\" \/>\n\t<meta name=\"twitter:data1\" content=\"2 minutes\" \/>\n<script type=\"application\/ld+json\" class=\"yoast-schema-graph\">{\"@context\":\"https:\/\/schema.org\",\"@graph\":[{\"@type\":\"WebPage\",\"@id\":\"https:\/\/www.cardel-group.com\/fr\/wanderlust-agency\/\",\"url\":\"https:\/\/www.cardel-group.com\/fr\/wanderlust-agency\/\",\"name\":\"Wanderlust Agency - Cardel Group\",\"isPartOf\":{\"@id\":\"https:\/\/www.cardel-group.com\/#website\"},\"primaryImageOfPage\":{\"@id\":\"https:\/\/www.cardel-group.com\/fr\/wanderlust-agency\/#primaryimage\"},\"image\":{\"@id\":\"https:\/\/www.cardel-group.com\/fr\/wanderlust-agency\/#primaryimage\"},\"thumbnailUrl\":\"https:\/\/www.cardel-global.com\/wp-content\/uploads\/2019\/09\/wanderlust_header.jpg\",\"datePublished\":\"2020-01-03T10:06:58+00:00\",\"dateModified\":\"2020-01-06T11:24:40+00:00\",\"breadcrumb\":{\"@id\":\"https:\/\/www.cardel-group.com\/fr\/wanderlust-agency\/#breadcrumb\"},\"inLanguage\":\"fr-FR\",\"potentialAction\":[{\"@type\":\"ReadAction\",\"target\":[\"https:\/\/www.cardel-group.com\/fr\/wanderlust-agency\/\"]}]},{\"@type\":\"ImageObject\",\"inLanguage\":\"fr-FR\",\"@id\":\"https:\/\/www.cardel-group.com\/fr\/wanderlust-agency\/#primaryimage\",\"url\":\"https:\/\/www.cardel-global.com\/wp-content\/uploads\/2019\/09\/wanderlust_header.jpg\",\"contentUrl\":\"https:\/\/www.cardel-global.com\/wp-content\/uploads\/2019\/09\/wanderlust_header.jpg\",\"width\":1440,\"height\":400},{\"@type\":\"BreadcrumbList\",\"@id\":\"https:\/\/www.cardel-group.com\/fr\/wanderlust-agency\/#breadcrumb\",\"itemListElement\":[{\"@type\":\"ListItem\",\"position\":1,\"name\":\"Accueil\",\"item\":\"https:\/\/www.cardel-group.com\/fr\/\"},{\"@type\":\"ListItem\",\"position\":2,\"name\":\"Wanderlust Agency\"}]},{\"@type\":\"WebSite\",\"@id\":\"https:\/\/www.cardel-group.com\/#website\",\"url\":\"https:\/\/www.cardel-group.com\/\",\"name\":\"Cardel Group\",\"description\":\"Global Management Services\",\"potentialAction\":[{\"@type\":\"SearchAction\",\"target\":{\"@type\":\"EntryPoint\",\"urlTemplate\":\"https:\/\/www.cardel-group.com\/?s={search_term_string}\"},\"query-input\":{\"@type\":\"PropertyValueSpecification\",\"valueRequired\":true,\"valueName\":\"search_term_string\"}}],\"inLanguage\":\"fr-FR\"}]}<\/script>\n<!-- \/ Yoast SEO plugin. -->","yoast_head_json":{"title":"Wanderlust Agency - Cardel Group","robots":{"index":"index","follow":"follow","max-snippet":"max-snippet:-1","max-image-preview":"max-image-preview:large","max-video-preview":"max-video-preview:-1"},"canonical":"https:\/\/www.cardel-group.com\/fr\/wanderlust-agency\/","og_locale":"fr_FR","og_type":"article","og_title":"Wanderlust Agency - Cardel Group","og_description":"[vc_row][vc_column column_width_percent=\u00a0\u00bb100&Prime; align_horizontal=\u00a0\u00bbalign_center\u00a0\u00bb overlay_alpha=\u00a0\u00bb50&Prime; gutter_size=\u00a0\u00bb2&Prime; medium_width=\u00a0\u00bb0&Prime; mobile_width=\u00a0\u00bb0&Prime; shift_x=\u00a0\u00bb0&Prime; shift_y=\u00a0\u00bb0&Prime; shift_y_down=\u00a0\u00bb0&Prime; z_index=\u00a0\u00bb0&Prime; width=\u00a0\u00bb1\/1&Prime;][vc_single_image media=\u00a0\u00bb79907&Prime; media_width_use_pixel=\u00a0\u00bbyes\u00a0\u00bb alignment=\u00a0\u00bbcenter\u00a0\u00bb media_width_pixel=\u00a0\u00bb180&Prime;][vc_empty_space empty_h=\u00a0\u00bb2&Prime;][vc_button size=\u00a0\u00bbbtn-lg\u00a0\u00bb radius=\u00a0\u00bbbtn-square\u00a0\u00bb border_width=\u00a0\u00bb0&Prime; [&hellip;]","og_url":"https:\/\/www.cardel-group.com\/fr\/wanderlust-agency\/","og_site_name":"Cardel Group","article_modified_time":"2020-01-06T11:24:40+00:00","og_image":[{"width":1440,"height":400,"url":"https:\/\/www.cardel-global.com\/wp-content\/uploads\/2019\/09\/wanderlust_header.jpg","type":"image\/jpeg"}],"twitter_card":"summary_large_image","twitter_misc":{"Dur\u00e9e de lecture estim\u00e9e":"2 minutes"},"schema":{"@context":"https:\/\/schema.org","@graph":[{"@type":"WebPage","@id":"https:\/\/www.cardel-group.com\/fr\/wanderlust-agency\/","url":"https:\/\/www.cardel-group.com\/fr\/wanderlust-agency\/","name":"Wanderlust Agency - Cardel Group","isPartOf":{"@id":"https:\/\/www.cardel-group.com\/#website"},"primaryImageOfPage":{"@id":"https:\/\/www.cardel-group.com\/fr\/wanderlust-agency\/#primaryimage"},"image":{"@id":"https:\/\/www.cardel-group.com\/fr\/wanderlust-agency\/#primaryimage"},"thumbnailUrl":"https:\/\/www.cardel-global.com\/wp-content\/uploads\/2019\/09\/wanderlust_header.jpg","datePublished":"2020-01-03T10:06:58+00:00","dateModified":"2020-01-06T11:24:40+00:00","breadcrumb":{"@id":"https:\/\/www.cardel-group.com\/fr\/wanderlust-agency\/#breadcrumb"},"inLanguage":"fr-FR","potentialAction":[{"@type":"ReadAction","target":["https:\/\/www.cardel-group.com\/fr\/wanderlust-agency\/"]}]},{"@type":"ImageObject","inLanguage":"fr-FR","@id":"https:\/\/www.cardel-group.com\/fr\/wanderlust-agency\/#primaryimage","url":"https:\/\/www.cardel-global.com\/wp-content\/uploads\/2019\/09\/wanderlust_header.jpg","contentUrl":"https:\/\/www.cardel-global.com\/wp-content\/uploads\/2019\/09\/wanderlust_header.jpg","width":1440,"height":400},{"@type":"BreadcrumbList","@id":"https:\/\/www.cardel-group.com\/fr\/wanderlust-agency\/#breadcrumb","itemListElement":[{"@type":"ListItem","position":1,"name":"Accueil","item":"https:\/\/www.cardel-group.com\/fr\/"},{"@type":"ListItem","position":2,"name":"Wanderlust Agency"}]},{"@type":"WebSite","@id":"https:\/\/www.cardel-group.com\/#website","url":"https:\/\/www.cardel-group.com\/","name":"Cardel Group","description":"Global Management Services","potentialAction":[{"@type":"SearchAction","target":{"@type":"EntryPoint","urlTemplate":"https:\/\/www.cardel-group.com\/?s={search_term_string}"},"query-input":{"@type":"PropertyValueSpecification","valueRequired":true,"valueName":"search_term_string"}}],"inLanguage":"fr-FR"}]}},"_links":{"self":[{"href":"https:\/\/www.cardel-group.com\/fr\/wp-json\/wp\/v2\/pages\/80116","targetHints":{"allow":["GET"]}}],"collection":[{"href":"https:\/\/www.cardel-group.com\/fr\/wp-json\/wp\/v2\/pages"}],"about":[{"href":"https:\/\/www.cardel-group.com\/fr\/wp-json\/wp\/v2\/types\/page"}],"author":[{"embeddable":true,"href":"https:\/\/www.cardel-group.com\/fr\/wp-json\/wp\/v2\/users\/1"}],"replies":[{"embeddable":true,"href":"https:\/\/www.cardel-group.com\/fr\/wp-json\/wp\/v2\/comments?post=80116"}],"version-history":[{"count":22,"href":"https:\/\/www.cardel-group.com\/fr\/wp-json\/wp\/v2\/pages\/80116\/revisions"}],"predecessor-version":[{"id":80233,"href":"https:\/\/www.cardel-group.com\/fr\/wp-json\/wp\/v2\/pages\/80116\/revisions\/80233"}],"wp:featuredmedia":[{"embeddable":true,"href":"https:\/\/www.cardel-group.com\/fr\/wp-json\/wp\/v2\/media\/79906"}],"wp:attachment":[{"href":"https:\/\/www.cardel-group.com\/fr\/wp-json\/wp\/v2\/media?parent=80116"}],"curies":[{"name":"wp","href":"https:\/\/api.w.org\/{rel}","templated":true}]}}