{"id":78935,"date":"2019-03-19T13:03:23","date_gmt":"2019-03-19T12:03:23","guid":{"rendered":"https:\/\/www.cardel-global.com\/?page_id=78935"},"modified":"2024-01-05T12:17:06","modified_gmt":"2024-01-05T11:17:06","slug":"accueil","status":"publish","type":"page","link":"https:\/\/www.cardel-group.com\/fr\/","title":{"rendered":"HOME"},"content":{"rendered":"<div class=\"wpb-content-wrapper\"><p>[vc_row row_height_percent=\u00a0\u00bb0&Prime; override_padding=\u00a0\u00bbyes\u00a0\u00bb h_padding=\u00a0\u00bb2&Prime; top_padding=\u00a0\u00bb3&Prime; bottom_padding=\u00a0\u00bb2&Prime; overlay_alpha=\u00a0\u00bb50&Prime; gutter_size=\u00a0\u00bb3&Prime; column_width_percent=\u00a0\u00bb100&Prime; shift_y=\u00a0\u00bb0&Prime; z_index=\u00a0\u00bb0&Prime;][vc_column column_width_percent=\u00a0\u00bb100&Prime; align_horizontal=\u00a0\u00bbalign_center\u00a0\u00bb gutter_size=\u00a0\u00bb3&Prime; overlay_alpha=\u00a0\u00bb50&Prime; shift_x=\u00a0\u00bb0&Prime; shift_y=\u00a0\u00bb0&Prime; shift_y_down=\u00a0\u00bb0&Prime; z_index=\u00a0\u00bb0&Prime; medium_width=\u00a0\u00bb0&Prime; mobile_width=\u00a0\u00bb0&Prime; width=\u00a0\u00bb1\/1&Prime;][vc_custom_heading text_font=\u00a0\u00bbfont-202503&Prime; text_size=\u00a0\u00bbfontsize-155944&Prime; text_weight=\u00a0\u00bb600&Prime;]_\u201c<span style=\"font-weight: 400;\">Qui cherche la perfection<\/span><\/p>\n<p>obtient l&rsquo;excellence\u201d_[\/vc_custom_heading][\/vc_column][\/vc_row][vc_row][vc_column column_width_percent=\u00a0\u00bb84&Prime; gutter_size=\u00a0\u00bb3&Prime; overlay_alpha=\u00a0\u00bb50&Prime; shift_x=\u00a0\u00bb0&Prime; shift_y=\u00a0\u00bb0&Prime; shift_y_down=\u00a0\u00bb0&Prime; z_index=\u00a0\u00bb0&Prime; medium_width=\u00a0\u00bb0&Prime; mobile_width=\u00a0\u00bb0&Prime; width=\u00a0\u00bb1\/1&Prime;][vc_custom_heading heading_semantic=\u00a0\u00bbp\u00a0\u00bb text_font=\u00a0\u00bbfont-762333&Prime; text_size=\u00a0\u00bb\u00a0\u00bb text_height=\u00a0\u00bbfontheight-524109&Prime; uncode_shortcode_id=\u00a0\u00bb893243&Prime;]<strong>Une nouvelle vision pour Cardel<\/strong><\/p>\n<p class=\"p1\">Cardel Group est leader mondial dans le domaine du Global Management Services, et compte parmi ses clients les plus grands groupes internationaux, athl\u00e8tes et talents.<\/p>\n<p class=\"p1\">Depuis 1999, Cardel Group a su adapter son offre et diversifier ses expertises dans le monde des affaires, du sport et de l&rsquo;entertainment en proposant \u00e0 une client\u00e8le de plus en plus exigeante et soucieuse de gagner du temps et ma\u00eetriser ses budgets, des solutions sur-mesure d\u2019externalisation des services.<\/p>\n<p class=\"p1\">Cardel Group op\u00e8re \u00e0 travers trois Business Units distinctes : <a href=\"https:\/\/www.cardel-group.com\/fr\/destination\/\"><span class=\"s1\"><b>Destination Management<\/b><\/span><\/a>, <a href=\"https:\/\/www.cardel-group.com\/fr\/sport\/\"><span class=\"s1\"><b>Sports Management<\/b><\/span><\/a> et <a href=\"https:\/\/www.cardel-group.com\/fr\/publicity\/\"><span class=\"s1\"><b>Publicity Management<\/b><\/span><\/a>, permettant \u00e0 chacun de ses clients d\u2019externaliser tout ou partie de leurs besoins \u00e0 travers un seul interlocuteur, 24\/7 et dans plus de 130 pays. Chaque entit\u00e9 s\u2019articule \u00e0 travers diff\u00e9rents experts, b\u00e9n\u00e9ficiant d\u2019une exp\u00e9rience de plus 10 ans dans leur domaine respectifs.<\/p>\n<p>[\/vc_custom_heading][vc_empty_space empty_h=\u00a0\u00bb2&Prime;][\/vc_column][\/vc_row][vc_row row_height_percent=\u00a0\u00bb0&Prime; override_padding=\u00a0\u00bbyes\u00a0\u00bb h_padding=\u00a0\u00bb2&Prime; top_padding=\u00a0\u00bb1&Prime; bottom_padding=\u00a0\u00bb2&Prime; overlay_alpha=\u00a0\u00bb50&Prime; equal_height=\u00a0\u00bbyes\u00a0\u00bb gutter_size=\u00a0\u00bb3&Prime; column_width_percent=\u00a0\u00bb100&Prime; shift_y=\u00a0\u00bb0&Prime; z_index=\u00a0\u00bb0&Prime;][vc_column column_width_percent=\u00a0\u00bb100&Prime; position_vertical=\u00a0\u00bbbottom\u00a0\u00bb align_horizontal=\u00a0\u00bbalign_center\u00a0\u00bb gutter_size=\u00a0\u00bb3&Prime; back_image=\u00a0\u00bb80496&Prime; back_repeat=\u00a0\u00bbno-repeat\u00a0\u00bb overlay_alpha=\u00a0\u00bb50&Prime; shift_x=\u00a0\u00bb0&Prime; shift_y=\u00a0\u00bb0&Prime; shift_y_down=\u00a0\u00bb0&Prime; z_index=\u00a0\u00bb0&Prime; medium_width=\u00a0\u00bb0&Prime; mobile_width=\u00a0\u00bb0&Prime; width=\u00a0\u00bb1\/3&Prime; back_size=\u00a0\u00bbcover\u00a0\u00bb][vc_single_image media=\u00a0\u00bb102938&Prime; media_width_use_pixel=\u00a0\u00bbyes\u00a0\u00bb alignment=\u00a0\u00bbcenter\u00a0\u00bb media_width_pixel=\u00a0\u00bb200&Prime; uncode_shortcode_id=\u00a0\u00bb179611&Prime;][vc_button button_color=\u00a0\u00bbcolor-xsdn\u00a0\u00bb size=\u00a0\u00bbbtn-sm\u00a0\u00bb radius=\u00a0\u00bbbtn-circle\u00a0\u00bb wide=\u00a0\u00bbyes\u00a0\u00bb hover_fx=\u00a0\u00bbfull-colored\u00a0\u00bb custom_typo=\u00a0\u00bbyes\u00a0\u00bb font_family=\u00a0\u00bbfont-762333&Prime; font_weight=\u00a0\u00bb600&Prime; border_width=\u00a0\u00bb0&Prime; link=\u00a0\u00bburl:https%3A%2F%2Fwww.cardel-group.com%2Ffr%2Fdestination%2F|title:DISCOVER\u00a0\u00bb el_class=\u00a0\u00bbblack-w\u00a0\u00bb button_color_type=\u00a0\u00bbuncode-palette\u00a0\u00bb uncode_shortcode_id=\u00a0\u00bb710924&Prime;]EN SAVOIR PLUS[\/vc_button][\/vc_column][vc_column column_width_percent=\u00a0\u00bb100&Prime; position_vertical=\u00a0\u00bbbottom\u00a0\u00bb align_horizontal=\u00a0\u00bbalign_center\u00a0\u00bb gutter_size=\u00a0\u00bb3&Prime; back_image=\u00a0\u00bb80497&Prime; back_repeat=\u00a0\u00bbno-repeat\u00a0\u00bb overlay_alpha=\u00a0\u00bb50&Prime; shift_x=\u00a0\u00bb0&Prime; shift_y=\u00a0\u00bb0&Prime; shift_y_down=\u00a0\u00bb0&Prime; z_index=\u00a0\u00bb0&Prime; medium_width=\u00a0\u00bb0&Prime; mobile_width=\u00a0\u00bb0&Prime; width=\u00a0\u00bb1\/3&Prime; back_size=\u00a0\u00bbcover\u00a0\u00bb][vc_single_image media=\u00a0\u00bb80541&Prime; media_width_use_pixel=\u00a0\u00bbyes\u00a0\u00bb alignment=\u00a0\u00bbcenter\u00a0\u00bb media_width_pixel=\u00a0\u00bb200&Prime;][vc_button button_color=\u00a0\u00bbcolor-xsdn\u00a0\u00bb size=\u00a0\u00bbbtn-sm\u00a0\u00bb radius=\u00a0\u00bbbtn-circle\u00a0\u00bb wide=\u00a0\u00bbyes\u00a0\u00bb hover_fx=\u00a0\u00bbfull-colored\u00a0\u00bb custom_typo=\u00a0\u00bbyes\u00a0\u00bb font_family=\u00a0\u00bbfont-762333&Prime; font_weight=\u00a0\u00bb600&Prime; border_width=\u00a0\u00bb0&Prime; link=\u00a0\u00bburl:https%3A%2F%2Fwww.cardel-group.com%2Ffr%2Fsport%2F|title:DISCOVERS\u00a0\u00bb el_class=\u00a0\u00bbblack-w\u00a0\u00bb button_color_type=\u00a0\u00bbuncode-palette\u00a0\u00bb uncode_shortcode_id=\u00a0\u00bb125981&Prime;]EN SAVOIR PLUS[\/vc_button][\/vc_column][vc_column column_width_percent=\u00a0\u00bb100&Prime; position_vertical=\u00a0\u00bbbottom\u00a0\u00bb align_horizontal=\u00a0\u00bbalign_center\u00a0\u00bb gutter_size=\u00a0\u00bb3&Prime; back_image=\u00a0\u00bb80498&Prime; back_repeat=\u00a0\u00bbno-repeat\u00a0\u00bb overlay_alpha=\u00a0\u00bb50&Prime; shift_x=\u00a0\u00bb0&Prime; shift_y=\u00a0\u00bb0&Prime; shift_y_down=\u00a0\u00bb0&Prime; z_index=\u00a0\u00bb0&Prime; medium_width=\u00a0\u00bb0&Prime; mobile_width=\u00a0\u00bb0&Prime; width=\u00a0\u00bb1\/3&Prime; back_size=\u00a0\u00bbcover\u00a0\u00bb][vc_single_image media=\u00a0\u00bb80543&Prime; media_width_use_pixel=\u00a0\u00bbyes\u00a0\u00bb alignment=\u00a0\u00bbcenter\u00a0\u00bb media_width_pixel=\u00a0\u00bb200&Prime;][vc_button button_color=\u00a0\u00bbcolor-xsdn\u00a0\u00bb size=\u00a0\u00bbbtn-sm\u00a0\u00bb radius=\u00a0\u00bbbtn-circle\u00a0\u00bb wide=\u00a0\u00bbyes\u00a0\u00bb hover_fx=\u00a0\u00bbfull-colored\u00a0\u00bb custom_typo=\u00a0\u00bbyes\u00a0\u00bb font_family=\u00a0\u00bbfont-762333&Prime; font_weight=\u00a0\u00bb600&Prime; border_width=\u00a0\u00bb0&Prime; link=\u00a0\u00bburl:https%3A%2F%2Fwww.cardel-group.com%2Ffr%2Fpublicity%2F|title:DISCOVERS\u00a0\u00bb el_class=\u00a0\u00bbblack-w\u00a0\u00bb button_color_type=\u00a0\u00bbuncode-palette\u00a0\u00bb uncode_shortcode_id=\u00a0\u00bb102581&Prime;]EN SAVOIR PLUS[\/vc_button][\/vc_column][\/vc_row][vc_row][vc_column width=\u00a0\u00bb1\/1&Prime;][vc_empty_space empty_h=\u00a0\u00bb2&Prime;][\/vc_column][\/vc_row]<\/p>\n<\/div>","protected":false},"excerpt":{"rendered":"<p>[vc_row row_height_percent=\u00a0\u00bb0&Prime; override_padding=\u00a0\u00bbyes\u00a0\u00bb h_padding=\u00a0\u00bb2&Prime; top_padding=\u00a0\u00bb3&Prime; bottom_padding=\u00a0\u00bb2&Prime; overlay_alpha=\u00a0\u00bb50&Prime; gutter_size=\u00a0\u00bb3&Prime; column_width_percent=\u00a0\u00bb100&Prime; shift_y=\u00a0\u00bb0&Prime; z_index=\u00a0\u00bb0&Prime;][vc_column column_width_percent=\u00a0\u00bb100&Prime; align_horizontal=\u00a0\u00bbalign_center\u00a0\u00bb gutter_size=\u00a0\u00bb3&Prime; overlay_alpha=\u00a0\u00bb50&Prime; shift_x=\u00a0\u00bb0&Prime; shift_y=\u00a0\u00bb0&Prime; shift_y_down=\u00a0\u00bb0&Prime; z_index=\u00a0\u00bb0&Prime; medium_width=\u00a0\u00bb0&Prime; [&hellip;]<\/p>\n","protected":false},"author":1,"featured_media":79615,"parent":0,"menu_order":0,"comment_status":"closed","ping_status":"closed","template":"","meta":{"footnotes":""},"class_list":["post-78935","page","type-page","status-publish","has-post-thumbnail","hentry"],"yoast_head":"<!-- This site is optimized with the Yoast SEO plugin v24.5 - https:\/\/yoast.com\/wordpress\/plugins\/seo\/ -->\n<title>Cardel Group | Global Management Services since 2001<\/title>\n<meta name=\"description\" content=\"Global Management Services since 2001. Perfection delivered with excellence in Business Logistics &amp; Transportation Management, Sports Management and Publicity Management.\" \/>\n<meta name=\"robots\" content=\"index, follow, max-snippet:-1, max-image-preview:large, max-video-preview:-1\" \/>\n<link rel=\"canonical\" href=\"https:\/\/www.cardel-group.com\/fr\/\" \/>\n<meta property=\"og:locale\" content=\"fr_FR\" \/>\n<meta property=\"og:type\" content=\"article\" \/>\n<meta property=\"og:title\" content=\"Cardel Group | Global Management Services since 2001\" \/>\n<meta property=\"og:description\" content=\"Global Management Services since 2001. Perfection delivered with excellence in Business Logistics &amp; Transportation Management, Sports Management and Publicity Management.\" \/>\n<meta property=\"og:url\" content=\"https:\/\/www.cardel-group.com\/fr\/\" \/>\n<meta property=\"og:site_name\" content=\"Cardel Group\" \/>\n<meta property=\"article:modified_time\" content=\"2024-01-05T11:17:06+00:00\" \/>\n<meta property=\"og:image\" content=\"https:\/\/www.cardel-global.com\/wp-content\/uploads\/2019\/09\/header_accueil.jpg\" \/>\n\t<meta property=\"og:image:width\" content=\"1440\" \/>\n\t<meta property=\"og:image:height\" content=\"550\" \/>\n\t<meta property=\"og:image:type\" content=\"image\/jpeg\" \/>\n<meta name=\"twitter:card\" content=\"summary_large_image\" \/>\n<meta name=\"twitter:label1\" content=\"Dur\u00e9e de lecture estim\u00e9e\" \/>\n\t<meta name=\"twitter:data1\" content=\"2 minutes\" \/>\n<script type=\"application\/ld+json\" class=\"yoast-schema-graph\">{\"@context\":\"https:\/\/schema.org\",\"@graph\":[{\"@type\":\"WebPage\",\"@id\":\"https:\/\/www.cardel-group.com\/fr\/\",\"url\":\"https:\/\/www.cardel-group.com\/fr\/\",\"name\":\"Cardel Group | Global Management Services since 2001\",\"isPartOf\":{\"@id\":\"https:\/\/www.cardel-group.com\/#website\"},\"primaryImageOfPage\":{\"@id\":\"https:\/\/www.cardel-group.com\/fr\/#primaryimage\"},\"image\":{\"@id\":\"https:\/\/www.cardel-group.com\/fr\/#primaryimage\"},\"thumbnailUrl\":\"https:\/\/www.cardel-global.com\/wp-content\/uploads\/2019\/09\/header_accueil.jpg\",\"datePublished\":\"2019-03-19T12:03:23+00:00\",\"dateModified\":\"2024-01-05T11:17:06+00:00\",\"description\":\"Global Management Services since 2001. Perfection delivered with excellence in Business Logistics & Transportation Management, Sports Management and Publicity Management.\",\"breadcrumb\":{\"@id\":\"https:\/\/www.cardel-group.com\/fr\/#breadcrumb\"},\"inLanguage\":\"fr-FR\",\"potentialAction\":[{\"@type\":\"ReadAction\",\"target\":[\"https:\/\/www.cardel-group.com\/fr\/\"]}]},{\"@type\":\"ImageObject\",\"inLanguage\":\"fr-FR\",\"@id\":\"https:\/\/www.cardel-group.com\/fr\/#primaryimage\",\"url\":\"https:\/\/www.cardel-global.com\/wp-content\/uploads\/2019\/09\/header_accueil.jpg\",\"contentUrl\":\"https:\/\/www.cardel-global.com\/wp-content\/uploads\/2019\/09\/header_accueil.jpg\",\"width\":1440,\"height\":550},{\"@type\":\"BreadcrumbList\",\"@id\":\"https:\/\/www.cardel-group.com\/fr\/#breadcrumb\",\"itemListElement\":[{\"@type\":\"ListItem\",\"position\":1,\"name\":\"Accueil\",\"item\":\"https:\/\/www.cardel-group.com\/fr\/\"},{\"@type\":\"ListItem\",\"position\":2,\"name\":\"HOME\"}]},{\"@type\":\"WebSite\",\"@id\":\"https:\/\/www.cardel-group.com\/#website\",\"url\":\"https:\/\/www.cardel-group.com\/\",\"name\":\"Cardel Group\",\"description\":\"Global Management Services\",\"potentialAction\":[{\"@type\":\"SearchAction\",\"target\":{\"@type\":\"EntryPoint\",\"urlTemplate\":\"https:\/\/www.cardel-group.com\/?s={search_term_string}\"},\"query-input\":{\"@type\":\"PropertyValueSpecification\",\"valueRequired\":true,\"valueName\":\"search_term_string\"}}],\"inLanguage\":\"fr-FR\"}]}<\/script>\n<!-- \/ Yoast SEO plugin. -->","yoast_head_json":{"title":"Cardel Group | Global Management Services since 2001","description":"Global Management Services since 2001. Perfection delivered with excellence in Business Logistics & Transportation Management, Sports Management and Publicity Management.","robots":{"index":"index","follow":"follow","max-snippet":"max-snippet:-1","max-image-preview":"max-image-preview:large","max-video-preview":"max-video-preview:-1"},"canonical":"https:\/\/www.cardel-group.com\/fr\/","og_locale":"fr_FR","og_type":"article","og_title":"Cardel Group | Global Management Services since 2001","og_description":"Global Management Services since 2001. Perfection delivered with excellence in Business Logistics & Transportation Management, Sports Management and Publicity Management.","og_url":"https:\/\/www.cardel-group.com\/fr\/","og_site_name":"Cardel Group","article_modified_time":"2024-01-05T11:17:06+00:00","og_image":[{"width":1440,"height":550,"url":"https:\/\/www.cardel-global.com\/wp-content\/uploads\/2019\/09\/header_accueil.jpg","type":"image\/jpeg"}],"twitter_card":"summary_large_image","twitter_misc":{"Dur\u00e9e de lecture estim\u00e9e":"2 minutes"},"schema":{"@context":"https:\/\/schema.org","@graph":[{"@type":"WebPage","@id":"https:\/\/www.cardel-group.com\/fr\/","url":"https:\/\/www.cardel-group.com\/fr\/","name":"Cardel Group | Global Management Services since 2001","isPartOf":{"@id":"https:\/\/www.cardel-group.com\/#website"},"primaryImageOfPage":{"@id":"https:\/\/www.cardel-group.com\/fr\/#primaryimage"},"image":{"@id":"https:\/\/www.cardel-group.com\/fr\/#primaryimage"},"thumbnailUrl":"https:\/\/www.cardel-global.com\/wp-content\/uploads\/2019\/09\/header_accueil.jpg","datePublished":"2019-03-19T12:03:23+00:00","dateModified":"2024-01-05T11:17:06+00:00","description":"Global Management Services since 2001. Perfection delivered with excellence in Business Logistics & Transportation Management, Sports Management and Publicity Management.","breadcrumb":{"@id":"https:\/\/www.cardel-group.com\/fr\/#breadcrumb"},"inLanguage":"fr-FR","potentialAction":[{"@type":"ReadAction","target":["https:\/\/www.cardel-group.com\/fr\/"]}]},{"@type":"ImageObject","inLanguage":"fr-FR","@id":"https:\/\/www.cardel-group.com\/fr\/#primaryimage","url":"https:\/\/www.cardel-global.com\/wp-content\/uploads\/2019\/09\/header_accueil.jpg","contentUrl":"https:\/\/www.cardel-global.com\/wp-content\/uploads\/2019\/09\/header_accueil.jpg","width":1440,"height":550},{"@type":"BreadcrumbList","@id":"https:\/\/www.cardel-group.com\/fr\/#breadcrumb","itemListElement":[{"@type":"ListItem","position":1,"name":"Accueil","item":"https:\/\/www.cardel-group.com\/fr\/"},{"@type":"ListItem","position":2,"name":"HOME"}]},{"@type":"WebSite","@id":"https:\/\/www.cardel-group.com\/#website","url":"https:\/\/www.cardel-group.com\/","name":"Cardel Group","description":"Global Management Services","potentialAction":[{"@type":"SearchAction","target":{"@type":"EntryPoint","urlTemplate":"https:\/\/www.cardel-group.com\/?s={search_term_string}"},"query-input":{"@type":"PropertyValueSpecification","valueRequired":true,"valueName":"search_term_string"}}],"inLanguage":"fr-FR"}]}},"_links":{"self":[{"href":"https:\/\/www.cardel-group.com\/fr\/wp-json\/wp\/v2\/pages\/78935","targetHints":{"allow":["GET"]}}],"collection":[{"href":"https:\/\/www.cardel-group.com\/fr\/wp-json\/wp\/v2\/pages"}],"about":[{"href":"https:\/\/www.cardel-group.com\/fr\/wp-json\/wp\/v2\/types\/page"}],"author":[{"embeddable":true,"href":"https:\/\/www.cardel-group.com\/fr\/wp-json\/wp\/v2\/users\/1"}],"replies":[{"embeddable":true,"href":"https:\/\/www.cardel-group.com\/fr\/wp-json\/wp\/v2\/comments?post=78935"}],"version-history":[{"count":314,"href":"https:\/\/www.cardel-group.com\/fr\/wp-json\/wp\/v2\/pages\/78935\/revisions"}],"predecessor-version":[{"id":104660,"href":"https:\/\/www.cardel-group.com\/fr\/wp-json\/wp\/v2\/pages\/78935\/revisions\/104660"}],"wp:featuredmedia":[{"embeddable":true,"href":"https:\/\/www.cardel-group.com\/fr\/wp-json\/wp\/v2\/media\/79615"}],"wp:attachment":[{"href":"https:\/\/www.cardel-group.com\/fr\/wp-json\/wp\/v2\/media?parent=78935"}],"curies":[{"name":"wp","href":"https:\/\/api.w.org\/{rel}","templated":true}]}}